{"id":33,"date":"2021-12-21T17:21:33","date_gmt":"2021-12-21T17:21:33","guid":{"rendered":"https:\/\/hanaculturalcenter.org\/shop\/?post_type=product&#038;p=33"},"modified":"2023-07-13T07:39:35","modified_gmt":"2023-07-13T17:39:35","slug":"ka-ulu-pu-hala-o-wakiu-volume-i","status":"publish","type":"product","link":"https:\/\/hanaculturalcenter.org\/shop\/product\/ka-ulu-pu-hala-o-wakiu-volume-i\/","title":{"rendered":"Ka Ulu P\u016b Hala o W\u0101kiu &#8211; The Hala Grove of W\u0101kiu &#8211; Volume I"},"content":{"rendered":"<p>Original stories, poetry and artwork by the students of Hana School<\/p>\n<p>Published in 2002<\/p>\n","protected":false},"excerpt":{"rendered":"<p>Original stories, poetry and artwork by the students of Hana School Published in 2002<\/p>\n","protected":false},"featured_media":24,"comment_status":"closed","ping_status":"closed","template":"","meta":[],"product_brand":[],"product_cat":[18],"product_tag":[],"class_list":{"0":"post-33","1":"product","2":"type-product","3":"status-publish","4":"has-post-thumbnail","6":"product_cat-books","8":"first","9":"instock","10":"taxable","11":"shipping-taxable","12":"purchasable","13":"product-type-simple"},"jetpack_sharing_enabled":true,"_links":{"self":[{"href":"https:\/\/hanaculturalcenter.org\/shop\/wp-json\/wp\/v2\/product\/33","targetHints":{"allow":["GET"]}}],"collection":[{"href":"https:\/\/hanaculturalcenter.org\/shop\/wp-json\/wp\/v2\/product"}],"about":[{"href":"https:\/\/hanaculturalcenter.org\/shop\/wp-json\/wp\/v2\/types\/product"}],"replies":[{"embeddable":true,"href":"https:\/\/hanaculturalcenter.org\/shop\/wp-json\/wp\/v2\/comments?post=33"}],"wp:featuredmedia":[{"embeddable":true,"href":"https:\/\/hanaculturalcenter.org\/shop\/wp-json\/wp\/v2\/media\/24"}],"wp:attachment":[{"href":"https:\/\/hanaculturalcenter.org\/shop\/wp-json\/wp\/v2\/media?parent=33"}],"wp:term":[{"taxonomy":"product_brand","embeddable":true,"href":"https:\/\/hanaculturalcenter.org\/shop\/wp-json\/wp\/v2\/product_brand?post=33"},{"taxonomy":"product_cat","embeddable":true,"href":"https:\/\/hanaculturalcenter.org\/shop\/wp-json\/wp\/v2\/product_cat?post=33"},{"taxonomy":"product_tag","embeddable":true,"href":"https:\/\/hanaculturalcenter.org\/shop\/wp-json\/wp\/v2\/product_tag?post=33"}],"curies":[{"name":"wp","href":"https:\/\/api.w.org\/{rel}","templated":true}]}}